{"id":3160,"date":"2020-11-19T16:06:53","date_gmt":"2020-11-19T15:06:53","guid":{"rendered":"https:\/\/www.siciliacolorata.it\/chi-sono\/"},"modified":"2022-01-17T11:55:12","modified_gmt":"2022-01-17T10:55:12","slug":"about-us","status":"publish","type":"page","link":"https:\/\/www.siciliacolorata.it\/en\/about-us\/","title":{"rendered":"About us"},"content":{"rendered":"<p>[et_pb_section fb_built=&#8221;1&#8243; _builder_version=&#8221;4.7.7&#8243; _module_preset=&#8221;default&#8221; background_image=&#8221;https:\/\/www.siciliacolorata.it\/wp-content\/uploads\/2021\/02\/sicilia.jpg&#8221; parallax=&#8221;on&#8221; global_colors_info=&#8221;{}&#8221;][et_pb_row _builder_version=&#8221;4.7.7&#8243; _module_preset=&#8221;default&#8221; global_colors_info=&#8221;{}&#8221;][et_pb_column type=&#8221;4_4&#8243; _builder_version=&#8221;4.7.7&#8243; _module_preset=&#8221;default&#8221; global_colors_info=&#8221;{}&#8221;][et_pb_text _builder_version=&#8221;4.11.3&#8243; text_font=&#8221;||||||||&#8221; text_text_color=&#8221;#ffffff&#8221; text_font_size=&#8221;22px&#8221; text_line_height=&#8221;1.8em&#8221; header_2_font=&#8221;|||on|||||&#8221; header_2_text_color=&#8221;#ffffff&#8221; header_2_font_size=&#8221;40px&#8221; background_enable_color=&#8221;off&#8221; text_orientation=&#8221;center&#8221; width=&#8221;700px&#8221; max_width=&#8221;100%&#8221; module_alignment=&#8221;center&#8221; custom_padding=&#8221;40px|40px|40px|40px|true|true&#8221; hover_enabled=&#8221;0&#8243; global_colors_info=&#8221;{}&#8221; sticky_enabled=&#8221;0&#8243;]<\/p>\n<h2>Antonello Blandi<\/h2>\n<p>The artist&#8217;s biography.<\/p>\n<p>[\/et_pb_text][\/et_pb_column][\/et_pb_row][\/et_pb_section][et_pb_section fb_built=&#8221;1&#8243; _builder_version=&#8221;4.6.6&#8243; _module_preset=&#8221;default&#8221; global_colors_info=&#8221;{}&#8221;][et_pb_row _builder_version=&#8221;4.6.6&#8243; _module_preset=&#8221;default&#8221; global_colors_info=&#8221;{}&#8221;][et_pb_column type=&#8221;4_4&#8243; _builder_version=&#8221;4.6.6&#8243; _module_preset=&#8221;default&#8221; global_colors_info=&#8221;{}&#8221;][et_pb_text _builder_version=&#8221;4.11.3&#8243; _module_preset=&#8221;default&#8221; hover_enabled=&#8221;0&#8243; global_colors_info=&#8221;{}&#8221; sticky_enabled=&#8221;0&#8243;]<\/p>\n<p style=\"text-align: justify;\"><img class=\"wp-image-593 alignleft size-full\" src=\"https:\/\/www.siciliacolorata.it\/wp-content\/uploads\/2021\/06\/ritratto_antonello_400x400.jpg\" alt=\"\" width=\"400\" height=\"400\">Nato a Palermo il 27 settembre 1963, di professione grafico pubblicitario, inizia a \u201ccomporre\u201d queste opere che inneggiano al puro ottimismo, arredando le esposizioni della Regione Siciliana negli Stati Uniti e in Italia, in occasione di vari eventi a partire dal 1995. Scopre questa nuova \u201cprofessione\u201d di pittore, dopo il notevole gradimento ricevuto in tutte le mostre e contribuisce allo sviluppo di una nuova \u201cvisione\u201d della Sicilia, dove tutto \u00e8 all\u2019insegna della solarit\u00e0 e della forte cromaticit\u00e0. Le opere sono legate indissolubilmente alla stessa professione dell\u2019autore, che fa della grafica l\u2019elemento portante di tutte le sue realizzazioni, e diventano esse stesse, produzioni editoriali e scenografiche per gli allestimenti dei vari eventi. Poesia, spiritualit\u00e0 e profonda serenit\u00e0 interiore sono felicemente accomunate in uno splendido connubio nelle suggestive composizioni di Antonello Blandi che, con uno stile estroso e strettamente personale, interpreta l\u2019intima essenza dell\u2019inconscio e materializza i sentimenti e i sogni dell\u2019umanit\u00e0.<\/p>\n<p style=\"text-align: justify;\">Spaziando con disinvolto virtuosismo tra l\u2019irrealt\u00e0 e la fantasia e seguendo l\u2019impulso della sua feconda creativit\u00e0, Antonello Blandi si allontana volutamente dai temi e dai canoni della pittura accademica, per creare fantastiche visioni di sogno, colme di fascino e di gioia. I suoi splendidi panorami, illuminati da enormi soli fiammeggianti o rischiarati da suggestive lune argentate, creano i presupposti fondamentali per far rivivere magiche atmosfere oniriche. In tutte le opere dell\u2019Artista \u00e8 sempre presente la casa, elemento di primaria importanza per l\u2019uomo, le cui instabili architetture appaiano mutevoli e imprevedibili, simili a pittoresche composizioni riflesse dai frammenti colorati di un fantastico caleidoscopio.<\/p>\n<p style=\"text-align: justify;\">Le ricorrenti trasgressioni prospettiche unite all\u2019assenza di razionali verticalismi e di ovvie orizzontalit\u00e0, conferiscono alle scene una sorprendente dinamicit\u00e0, mentre le fantastiche raffigurazioni, colme di cromatica mediterraneit\u00e0, sono pervase da un elevato lirismo che rievoca mondi favolosi e ideali, inneggianti alla Vita e alla Natura. Le opere di Antonello Blandi sono realizzate su tela trattata; passaggi di basi bianche in acrilico o in cementite. Dopo essersi asciugate (rigorosamente al sole, poich\u00e8 il pittore dipinge esclusivamente da Maggio a Settembre nel suo studio in collina a Gibilrossa), vengono disegnati a matita i vari soggetti, che sono poi dipinti con acrilici accesissimi, e dove gli accostamenti sono veramente azzardati. Alcuni ritocchi sono ad olio o a vernice. Su tutte le opere viene passato un doppio strato di essenze lucide, che danno al quadro la lucentezza che li rende inconfondibili. La Sicilia \u00e8 rappresentata in modo solare, come un luogo ideale pieno di colori. Palermo e le Isole Eolie, i soggetti pi\u00f9 amati, sono raffigurate a bordo di angurie, barche, lapini, fichi d&#8217;india, sempre con prospettive azzardate.<\/p>\n<p style=\"text-align: justify;\">Antonello Blandi espone le sue opere per la prima volta nel 1997 a New York, per l&#8217;allestimento del Columbus Expo, a ornamento dei padiglioni della Sicilia: il successo \u00e8 immediato e diversi galleristi espongono a Soho le tele pi\u00f9 grandi e originali. Succede lo stesso a Sydney, ad Atlantic City, ancora a Manhattan. Poi \u00e8 la volta di Hollywood, con le opere di Blandi appese alle pareti dei pi\u00f9 noti ristoranti, e due mostre allestite a Santa Monica e Malib\u00f9. Intanto, in Italia, l&#8217;autore espone nei luoghi del turismo e del Jet -set internazionale: da Portorotondo a Portofino, da Panarea a Pantelleria, riscuotendo consensi di pubblico e critica. Infine, a ottobre 2006, il successo di \u201cBye Bye Sicilia\u201d, la mostra che lo ha fatto conoscere al pubblico milanese, allo Yacht Club Milano. Oggi i suoi quadri arredano le case di personaggi dello spettacolo, stilisti politici e industriali, sia in Italia che all\u2019estero, trasmettendo attraverso la semplicit\u00e0 di linee e gli azzardati accostamenti cromatici, l\u2019anima del sud, la magia del mediterraneo e una carica emotiva spensierata e sognante.<\/p>\n<p>[\/et_pb_text][\/et_pb_column][\/et_pb_row][\/et_pb_section]<\/p>\n","protected":false},"excerpt":{"rendered":"<p>Antonello BlandiThe artist&#8217;s biography.Nato a Palermo il 27 settembre 1963, di professione grafico pubblicitario, inizia a \u201ccomporre\u201d queste opere che inneggiano al puro ottimismo, arredando le esposizioni della Regione Siciliana negli Stati Uniti e in Italia, in occasione di vari eventi a partire dal 1995. Scopre questa nuova \u201cprofessione\u201d di pittore, dopo il notevole gradimento [&hellip;]<\/p>\n","protected":false},"author":4,"featured_media":0,"parent":0,"menu_order":0,"comment_status":"closed","ping_status":"closed","template":"","meta":{"_et_pb_use_builder":"on","_et_pb_old_content":"","_et_gb_content_width":"","ngg_post_thumbnail":0},"yoast_head":"<!-- This site is optimized with the Yoast SEO plugin v16.4 - https:\/\/yoast.com\/wordpress\/plugins\/seo\/ -->\n<title>About us | Antonello Blandi<\/title>\n<meta name=\"robots\" content=\"index, follow, max-snippet:-1, max-image-preview:large, max-video-preview:-1\" \/>\n<link rel=\"canonical\" href=\"https:\/\/www.siciliacolorata.it\/en\/about-us\/\" \/>\n<meta property=\"og:locale\" content=\"en_US\" \/>\n<meta property=\"og:type\" content=\"article\" \/>\n<meta property=\"og:title\" content=\"About us | Antonello Blandi\" \/>\n<meta property=\"og:description\" content=\"Antonello BlandiThe artist&#039;s biography.Nato a Palermo il 27 settembre 1963, di professione grafico pubblicitario, inizia a \u201ccomporre\u201d queste opere che inneggiano al puro ottimismo, arredando le esposizioni della Regione Siciliana negli Stati Uniti e in Italia, in occasione di vari eventi a partire dal 1995. Scopre questa nuova \u201cprofessione\u201d di pittore, dopo il notevole gradimento [&hellip;]\" \/>\n<meta property=\"og:url\" content=\"https:\/\/www.siciliacolorata.it\/en\/about-us\/\" \/>\n<meta property=\"og:site_name\" content=\"Antonello Blandi\" \/>\n<meta property=\"article:modified_time\" content=\"2022-01-17T10:55:12+00:00\" \/>\n<meta property=\"og:image\" content=\"https:\/\/www.siciliacolorata.it\/wp-content\/uploads\/2021\/06\/ritratto_antonello_400x400.jpg\" \/>\n<meta name=\"twitter:card\" content=\"summary_large_image\" \/>\n<meta name=\"twitter:label1\" content=\"Est. reading time\" \/>\n\t<meta name=\"twitter:data1\" content=\"4 minutes\" \/>\n<script type=\"application\/ld+json\" class=\"yoast-schema-graph\">{\"@context\":\"https:\/\/schema.org\",\"@graph\":[{\"@type\":\"Organization\",\"@id\":\"https:\/\/www.siciliacolorata.it\/#organization\",\"name\":\"Antonello Blandi - Sicilia Colorata\",\"url\":\"https:\/\/www.siciliacolorata.it\/\",\"sameAs\":[],\"logo\":{\"@type\":\"ImageObject\",\"@id\":\"https:\/\/www.siciliacolorata.it\/#logo\",\"inLanguage\":\"en-US\",\"url\":\"https:\/\/www.siciliacolorata.it\/wp-content\/uploads\/2021\/02\/slide.png\",\"contentUrl\":\"https:\/\/www.siciliacolorata.it\/wp-content\/uploads\/2021\/02\/slide.png\",\"width\":1384,\"height\":638,\"caption\":\"Antonello Blandi - Sicilia Colorata\"},\"image\":{\"@id\":\"https:\/\/www.siciliacolorata.it\/#logo\"}},{\"@type\":\"WebSite\",\"@id\":\"https:\/\/www.siciliacolorata.it\/#website\",\"url\":\"https:\/\/www.siciliacolorata.it\/\",\"name\":\"Antonello Blandi\",\"description\":\"Sicilia Colorata\",\"publisher\":{\"@id\":\"https:\/\/www.siciliacolorata.it\/#organization\"},\"potentialAction\":[{\"@type\":\"SearchAction\",\"target\":\"https:\/\/www.siciliacolorata.it\/?s={search_term_string}\",\"query-input\":\"required name=search_term_string\"}],\"inLanguage\":\"en-US\"},{\"@type\":\"ImageObject\",\"@id\":\"https:\/\/www.siciliacolorata.it\/en\/about-us\/#primaryimage\",\"inLanguage\":\"en-US\",\"url\":\"https:\/\/www.siciliacolorata.it\/wp-content\/uploads\/2021\/06\/ritratto_antonello_400x400.jpg\",\"contentUrl\":\"https:\/\/www.siciliacolorata.it\/wp-content\/uploads\/2021\/06\/ritratto_antonello_400x400.jpg\",\"width\":400,\"height\":400,\"caption\":\"ritratto_antonello_400x400\"},{\"@type\":\"WebPage\",\"@id\":\"https:\/\/www.siciliacolorata.it\/en\/about-us\/#webpage\",\"url\":\"https:\/\/www.siciliacolorata.it\/en\/about-us\/\",\"name\":\"About us | Antonello Blandi\",\"isPartOf\":{\"@id\":\"https:\/\/www.siciliacolorata.it\/#website\"},\"primaryImageOfPage\":{\"@id\":\"https:\/\/www.siciliacolorata.it\/en\/about-us\/#primaryimage\"},\"datePublished\":\"2020-11-19T15:06:53+00:00\",\"dateModified\":\"2022-01-17T10:55:12+00:00\",\"breadcrumb\":{\"@id\":\"https:\/\/www.siciliacolorata.it\/en\/about-us\/#breadcrumb\"},\"inLanguage\":\"en-US\",\"potentialAction\":[{\"@type\":\"ReadAction\",\"target\":[\"https:\/\/www.siciliacolorata.it\/en\/about-us\/\"]}]},{\"@type\":\"BreadcrumbList\",\"@id\":\"https:\/\/www.siciliacolorata.it\/en\/about-us\/#breadcrumb\",\"itemListElement\":[{\"@type\":\"ListItem\",\"position\":1,\"item\":{\"@type\":\"WebPage\",\"@id\":\"https:\/\/www.siciliacolorata.it\/en\/\",\"url\":\"https:\/\/www.siciliacolorata.it\/en\/\",\"name\":\"Home\"}},{\"@type\":\"ListItem\",\"position\":2,\"item\":{\"@id\":\"https:\/\/www.siciliacolorata.it\/en\/about-us\/#webpage\"}}]}]}<\/script>\n<!-- \/ Yoast SEO plugin. -->","_links":{"self":[{"href":"https:\/\/www.siciliacolorata.it\/en\/wp-json\/wp\/v2\/pages\/3160"}],"collection":[{"href":"https:\/\/www.siciliacolorata.it\/en\/wp-json\/wp\/v2\/pages"}],"about":[{"href":"https:\/\/www.siciliacolorata.it\/en\/wp-json\/wp\/v2\/types\/page"}],"author":[{"embeddable":true,"href":"https:\/\/www.siciliacolorata.it\/en\/wp-json\/wp\/v2\/users\/4"}],"replies":[{"embeddable":true,"href":"https:\/\/www.siciliacolorata.it\/en\/wp-json\/wp\/v2\/comments?post=3160"}],"version-history":[{"count":3,"href":"https:\/\/www.siciliacolorata.it\/en\/wp-json\/wp\/v2\/pages\/3160\/revisions"}],"predecessor-version":[{"id":3176,"href":"https:\/\/www.siciliacolorata.it\/en\/wp-json\/wp\/v2\/pages\/3160\/revisions\/3176"}],"wp:attachment":[{"href":"https:\/\/www.siciliacolorata.it\/en\/wp-json\/wp\/v2\/media?parent=3160"}],"curies":[{"name":"wp","href":"https:\/\/api.w.org\/{rel}","templated":true}]}}