{"id":3275,"date":"2020-12-22T11:22:12","date_gmt":"2020-12-22T10:22:12","guid":{"rendered":"https:\/\/www.siciliacolorata.it\/condizioni-generali\/"},"modified":"2022-01-17T14:27:37","modified_gmt":"2022-01-17T13:27:37","slug":"general-conditions","status":"publish","type":"page","link":"https:\/\/www.siciliacolorata.it\/en\/general-conditions\/","title":{"rendered":"General conditions"},"content":{"rendered":"<p>[et_pb_section fb_built=&#8221;1&#8243; _builder_version=&#8221;4.7.7&#8243; _module_preset=&#8221;default&#8221; background_image=&#8221;https:\/\/www.siciliacolorata.it\/wp-content\/uploads\/2021\/02\/sicilia.jpg&#8221; parallax=&#8221;on&#8221; global_colors_info=&#8221;{}&#8221;][et_pb_row _builder_version=&#8221;4.7.7&#8243; _module_preset=&#8221;default&#8221; global_colors_info=&#8221;{}&#8221;][et_pb_column type=&#8221;4_4&#8243; _builder_version=&#8221;4.7.7&#8243; _module_preset=&#8221;default&#8221; global_colors_info=&#8221;{}&#8221;][et_pb_text _builder_version=&#8221;4.11.3&#8243; text_font=&#8221;||||||||&#8221; text_text_color=&#8221;#ffffff&#8221; text_font_size=&#8221;22px&#8221; text_line_height=&#8221;1.8em&#8221; header_2_font=&#8221;|||on|||||&#8221; header_2_text_color=&#8221;#ffffff&#8221; header_2_font_size=&#8221;40px&#8221; background_enable_color=&#8221;off&#8221; text_orientation=&#8221;center&#8221; width=&#8221;700px&#8221; max_width=&#8221;100%&#8221; module_alignment=&#8221;center&#8221; custom_padding=&#8221;40px|40px|40px|40px|true|true&#8221; hover_enabled=&#8221;0&#8243; global_colors_info=&#8221;{}&#8221; sticky_enabled=&#8221;0&#8243;]<\/p>\n<h2>General conditions<\/h2>\n<p>[\/et_pb_text][\/et_pb_column][\/et_pb_row][\/et_pb_section][et_pb_section fb_built=&#8221;1&#8243; _builder_version=&#8221;3.22&#8243; global_colors_info=&#8221;{}&#8221;][et_pb_row _builder_version=&#8221;3.25&#8243; background_size=&#8221;initial&#8221; background_position=&#8221;top_left&#8221; background_repeat=&#8221;repeat&#8221; global_colors_info=&#8221;{}&#8221;][et_pb_column type=&#8221;4_4&#8243; _builder_version=&#8221;3.25&#8243; custom_padding=&#8221;|||&#8221; global_colors_info=&#8221;{}&#8221; custom_padding__hover=&#8221;|||&#8221;][et_pb_text _builder_version=&#8221;4.11.3&#8243; background_size=&#8221;initial&#8221; background_position=&#8221;top_left&#8221; background_repeat=&#8221;repeat&#8221; hover_enabled=&#8221;0&#8243; global_colors_info=&#8221;{}&#8221; sticky_enabled=&#8221;0&#8243;]<\/p>\n<ul>\n<li class=\"item-4\">\n<h3>Condizioni Generali Contratto<\/h3>\n<p>Il presente contratto \u00e8 un contratto a distanza ai sensi dell&#8217;articolo 50 e ss.Del D.Lgs.6 settembre 2005 n.206 (codice del consumo). Il contratto ha per oggetto la vendita di beni tra la ditta <strong>PEA \u2013 PROMOZIONE E MARKETING SRL &#8211; VIA RESUTTANA, 363 &#8211; 90146 PALERMO &#8211; P.Iva 05362780875 <\/strong> e il consumatore (il cliente).<\/p>\n<p>Il contratto e&#8217; concluso direttamente attraverso l&#8217;accettazione da parte di una proposta d&#8217;acquisto emessa da parte del Cliente per via telefonica o tramite internet a seguito dell&#8217;invito ad offrire contenuto nel sito.<\/p>\n<\/li>\n<li class=\"item-5\">\n<h3>Condizioni di Vendita<\/h3>\n<p>Gli acquisti dei prodotti, disponibili come illustrati e descritti online nelle relative schede descrittive e tecniche, sono effettuate dal cliente al prezzo indicato sul sito, al momento dell&#8217;inoltro della conferma d&#8217;ordine, oltre alle spese di trasporto, come visualizzate all&#8217;atto dell&#8217;acquisto.<\/p>\n<p>Prima della conferma dell&#8217;acquisto al cliente, verr\u00e0 riepilogato il costo unitario di ciascun prodotto prescelto, il costo totale in caso di piu&#8217; prodotti e le relative spese di trasporto e nel caso i prezzi siano al netto dell\u2019Iva il totale dell\u2019Iva.<\/p>\n<\/li>\n<li class=\"item-1\">\n<h3>Consegna Prodotti<\/h3>\n<p>I prodotti acquistati verranno consegnati all&#8217;indirizzo di spedizione indicato dal cliente. Indicare sempre un numero di telefono per eventuali comunicazioni o fax o mail.( tempo di consegna entro 10\/gg. lavorativi).<br \/>Il cliente e&#8217; tenuto a verificare che il pacco sia integro e non danneggiato. Solo dopo tale verifica il cliente dovr\u00e0 accettare la consegna.<br \/>Nel caso in cui il pacco rappresentasse delle anomalie visive rispetto a quanto sopra asserito, il cliente dovr\u00e0 sollevare la contestazione direttamente al vettore, non ritirare la merce e mandare una mail attraverso il sito o un fax alla <strong>PEA \u2013 PROMOZIONE E MARKETING SRL<\/strong><\/p>\n<\/li>\n<li class=\"item-6\">\n<h3>Modalit\u00e0 di Pagamento<\/h3>\n<p>Il pagamento dei prodotti acquistati e le relative spese di spedizione dovranno essere effettuate dal cliente all&#8217;atto dell&#8217;inoltro della conferma d&#8217;ordine mediante utilizzo di una delle carte di credito, contrassegno o bonifico indicati on line.<\/p>\n<p>ATTENZIONE : L&#8217;addebito sul conto avviene al momento dell&#8217;ordine nel caso di acquisto tramite carta di credito. Nel caso Bonifico Bancario o Assegno\/Vaglia si proceder\u00e0 con la consegna del materiale una volta ricevuto l&#8217;accredito.<\/p>\n<\/li>\n<li class=\"item-2\">\n<h3>Garanzia Prodotti<\/h3>\n<p>1)Tutti i prodotti commercializzati da <strong>PEA \u2013 PROMOZIONE E MARKETING SRL<\/strong> sono coperti dalla garanzia convenzionale di 24 mesi per i difetti di conformit\u00e0, ai sensi del DLgs n. 24\/02. Per fruire dell&#8217;assistenza in garanzia, il Cliente dovr\u00e0 conservare la fattura (o il DDT) che ricever\u00e0 insieme ai beni acquistati. Il Cliente potr\u00e0 sempre scaricare dal sito le fatture relative ai suoi acquisti, accedendo all\u2019area riservata.<\/p>\n<p>2) La garanzia di 24 mesi ai sensi del del DLgs n. 24\/02 si applica al prodotto che presenti un difetto di conformit\u00e0, purch\u00e9 lo stesso sia utilizzato correttamente, nel rispetto della sua destinazione d&#8217;uso e di quanto previsto nella documentazione allegata. Tale garanzia, in ossequio al Dlgs. N. 24\/92, \u00e8 riservata solo al Consumatore privato (persona fisica che acquista la merce per scopi non riferibili alla propria attivit\u00e0 professionale, ovvero effettua l&#8217;acquisto senza indicare nel modulo d&#8217;ordine un riferimento di Partita IVA). In caso di difetto di conformit\u00e0, <strong>PEA \u2013 PROMOZIONE E MARKETING SRL<\/strong>; provvede, senza spese per il Cliente, al ripristino della conformit\u00e0 del prodotto mediante sostituzione o alla riduzione del prezzo, fino alla risoluzione del contratto. Se non dovesse risultare un difetto di conformit\u00e0, ai sensi del DLgs n. 24\/02, al Cliente saranno addebitati gli eventuali costi di verifica, nonch\u00e9 i costi di trasporto se sostenuti da <strong>PEA \u2013 PROMOZIONE E MARKETING SRL<\/strong><\/p>\n<p>3) Nell\u2019ipotesi in cui, per qualsiasi ragione <strong>PEA \u2013 PROMOZIONE E MARKETING SRL<\/strong>, non fosse in grado di sostituire un prodotto in garanzia (ripristinato o sostituito), potr\u00e0 procedere, previo consenso del Cliente, alla sostituzione del prodotto stesso (se ancora a listino) oppure con altro di pari caratteristiche e valore o, infine, al rilascio di un buono sconto di pari importo spendibile su un altro prodotto valido per 6 mesi dal momento del rilascio.<\/p>\n<p>4) Nessun danno pu\u00f2 essere richiesto a <strong>PEA \u2013 PROMOZIONE E MARKETING SRL<\/strong> per eventuali ritardi nella sostituzione di prodotti in garanzia.<\/p>\n<p>5) Nei casi in cui l&#8217;applicazione delle garanzie preveda la restituzione del prodotto, il bene dovr\u00e0 essere restituito dal Cliente nella confezione originale, completa in tutte le sue parti; per limitare danneggiamenti alla confezione originale, si raccomanda, quando possibile, di inserirla in una seconda scatola; va evitata in tutti i casi l&#8217;apposizione di etichette o nastri adesivi direttamente sulla confezione originale del prodotto.<\/p>\n<\/li>\n<\/ul>\n<p>[\/et_pb_text][\/et_pb_column][\/et_pb_row][\/et_pb_section]<\/p>\n","protected":false},"excerpt":{"rendered":"<p>General conditions Condizioni Generali Contratto Il presente contratto \u00e8 un contratto a distanza ai sensi dell&#8217;articolo 50 e ss.Del D.Lgs.6 settembre 2005 n.206 (codice del consumo). Il contratto ha per oggetto la vendita di beni tra la ditta PEA \u2013 PROMOZIONE E MARKETING SRL &#8211; VIA RESUTTANA, 363 &#8211; 90146 PALERMO &#8211; P.Iva 05362780875 e [&hellip;]<\/p>\n","protected":false},"author":4,"featured_media":0,"parent":0,"menu_order":0,"comment_status":"closed","ping_status":"closed","template":"","meta":{"_et_pb_use_builder":"on","_et_pb_old_content":"<ul>\r\n \t<li class=\"item-4\">\r\n<h3>Condizioni Generali Contratto<\/h3>\r\nIl presente contratto \u00e8 un contratto a distanza ai sensi dell'articolo 50 e ss.Del D.Lgs.6 settembre 2005 n.206 (codice del consumo). Il contratto ha per oggetto la vendita di beni tra la ditta <strong>PEA \u2013 PROMOZIONE E MARKETING SRL - VIA VITTORIO EMANUELE 132 - 95033 - BIANCAVILLA (CT) - 95033 BIANCAVILLA (CT) - P.Iva 05362780875 <\/strong> e il consumatore (il cliente).\r\n\r\nIl contratto e' concluso direttamente attraverso l'accettazione da parte di una proposta d'acquisto emessa da parte del Cliente per via telefonica o tramite internet a seguito dell'invito ad offrire contenuto nel sito.<\/li>\r\n \t<li class=\"item-5\">\r\n<h3>Condizioni di Vendita<\/h3>\r\nGli acquisti dei prodotti, disponibili come illustrati e descritti online nelle relative schede descrittive e tecniche, sono effettuate dal cliente al prezzo indicato sul sito, al momento dell'inoltro della conferma d'ordine, oltre alle spese di trasporto, come visualizzate all'atto dell'acquisto.\r\n\r\nPrima della conferma dell'acquisto al cliente, verr\u00e0 riepilogato il costo unitario di ciascun prodotto prescelto, il costo totale in caso di piu' prodotti e le relative spese di trasporto e nel caso i prezzi siano al netto dell\u2019Iva il totale dell\u2019Iva.<\/li>\r\n \t<li class=\"item-1\">\r\n<h3>Consegna Prodotti<\/h3>\r\nI prodotti acquistati verranno consegnati all'indirizzo di spedizione indicato dal cliente. Indicare sempre un numero di telefono per eventuali comunicazioni o fax o mail.( tempo di consegna entro 10\/gg. lavorativi).\r\nIl cliente e' tenuto a verificare che il pacco sia integro e non danneggiato. Solo dopo tale verifica il cliente dovr\u00e0 accettare la consegna.\r\nNel caso in cui il pacco rappresentasse delle anomalie visive rispetto a quanto sopra asserito, il cliente dovr\u00e0 sollevare la contestazione direttamente al vettore, non ritirare la merce e mandare una mail attraverso il sito o un fax alla <strong>PEA \u2013 PROMOZIONE E MARKETING SRL<\/strong><\/li>\r\n \t<li class=\"item-6\">\r\n<h3>Modalit\u00e0 di Pagamento<\/h3>\r\nIl pagamento dei prodotti acquistati e le relative spese di spedizione dovranno essere effettuate dal cliente all'atto dell'inoltro della conferma d'ordine mediante utilizzo di una delle carte di credito, contrassegno o bonifico indicati on line.\r\n\r\nATTENZIONE : L'addebito sul conto avviene al momento dell'ordine nel caso di acquisto tramite carta di credito. Nel caso Bonifico Bancario o Assegno\/Vaglia si proceder\u00e0 con la consegna del materiale una volta ricevuto l'accredito.<\/li>\r\n \t<li class=\"item-2\">\r\n<h3>Garanzia Prodotti<\/h3>\r\n1)Tutti i prodotti commercializzati da <strong>PEA \u2013 PROMOZIONE E MARKETING SRL<\/strong> sono coperti dalla garanzia convenzionale di 24 mesi per i difetti di conformit\u00e0, ai sensi del DLgs n. 24\/02. Per fruire dell'assistenza in garanzia, il Cliente dovr\u00e0 conservare la fattura (o il DDT) che ricever\u00e0 insieme ai beni acquistati. Il Cliente potr\u00e0 sempre scaricare dal sito le fatture relative ai suoi acquisti, accedendo all\u2019area riservata.\r\n\r\n2) La garanzia di 24 mesi ai sensi del del DLgs n. 24\/02 si applica al prodotto che presenti un difetto di conformit\u00e0, purch\u00e9 lo stesso sia utilizzato correttamente, nel rispetto della sua destinazione d'uso e di quanto previsto nella documentazione allegata. Tale garanzia, in ossequio al Dlgs. N. 24\/92, \u00e8 riservata solo al Consumatore privato (persona fisica che acquista la merce per scopi non riferibili alla propria attivit\u00e0 professionale, ovvero effettua l'acquisto senza indicare nel modulo d'ordine un riferimento di Partita IVA). In caso di difetto di conformit\u00e0, <strong>PEA \u2013 PROMOZIONE E MARKETING SRL<\/strong>; provvede, senza spese per il Cliente, al ripristino della conformit\u00e0 del prodotto mediante sostituzione o alla riduzione del prezzo, fino alla risoluzione del contratto. Se non dovesse risultare un difetto di conformit\u00e0, ai sensi del DLgs n. 24\/02, al Cliente saranno addebitati gli eventuali costi di verifica, nonch\u00e9 i costi di trasporto se sostenuti da <strong>PEA \u2013 PROMOZIONE E MARKETING SRL<\/strong>\r\n\r\n3) Nell\u2019ipotesi in cui, per qualsiasi ragione <strong>PEA \u2013 PROMOZIONE E MARKETING SRL<\/strong>, non fosse in grado di sostituire un prodotto in garanzia (ripristinato o sostituito), potr\u00e0 procedere, previo consenso del Cliente, alla sostituzione del prodotto stesso (se ancora a listino) oppure con altro di pari caratteristiche e valore o, infine, al rilascio di un buono sconto di pari importo spendibile su un altro prodotto valido per 6 mesi dal momento del rilascio.\r\n\r\n4) Nessun danno pu\u00f2 essere richiesto a <strong>PEA \u2013 PROMOZIONE E MARKETING SRL<\/strong> per eventuali ritardi nella sostituzione di prodotti in garanzia.\r\n\r\n5) Nei casi in cui l'applicazione delle garanzie preveda la restituzione del prodotto, il bene dovr\u00e0 essere restituito dal Cliente nella confezione originale, completa in tutte le sue parti; per limitare danneggiamenti alla confezione originale, si raccomanda, quando possibile, di inserirla in una seconda scatola; va evitata in tutti i casi l'apposizione di etichette o nastri adesivi direttamente sulla confezione originale del prodotto.<\/li>\r\n<\/ul>","_et_gb_content_width":"","ngg_post_thumbnail":0},"yoast_head":"<!-- This site is optimized with the Yoast SEO plugin v16.4 - https:\/\/yoast.com\/wordpress\/plugins\/seo\/ -->\n<title>General conditions | Antonello Blandi<\/title>\n<meta name=\"robots\" content=\"index, follow, max-snippet:-1, max-image-preview:large, max-video-preview:-1\" \/>\n<link rel=\"canonical\" href=\"https:\/\/www.siciliacolorata.it\/en\/general-conditions\/\" \/>\n<meta property=\"og:locale\" content=\"en_US\" \/>\n<meta property=\"og:type\" content=\"article\" \/>\n<meta property=\"og:title\" content=\"General conditions | Antonello Blandi\" \/>\n<meta property=\"og:description\" content=\"General conditions Condizioni Generali Contratto Il presente contratto \u00e8 un contratto a distanza ai sensi dell&#039;articolo 50 e ss.Del D.Lgs.6 settembre 2005 n.206 (codice del consumo). Il contratto ha per oggetto la vendita di beni tra la ditta PEA \u2013 PROMOZIONE E MARKETING SRL - VIA RESUTTANA, 363 - 90146 PALERMO - P.Iva 05362780875 e [&hellip;]\" \/>\n<meta property=\"og:url\" content=\"https:\/\/www.siciliacolorata.it\/en\/general-conditions\/\" \/>\n<meta property=\"og:site_name\" content=\"Antonello Blandi\" \/>\n<meta property=\"article:modified_time\" content=\"2022-01-17T13:27:37+00:00\" \/>\n<meta name=\"twitter:card\" content=\"summary_large_image\" \/>\n<meta name=\"twitter:label1\" content=\"Est. reading time\" \/>\n\t<meta name=\"twitter:data1\" content=\"5 minutes\" \/>\n<script type=\"application\/ld+json\" class=\"yoast-schema-graph\">{\"@context\":\"https:\/\/schema.org\",\"@graph\":[{\"@type\":\"Organization\",\"@id\":\"https:\/\/www.siciliacolorata.it\/#organization\",\"name\":\"Antonello Blandi - Sicilia Colorata\",\"url\":\"https:\/\/www.siciliacolorata.it\/\",\"sameAs\":[],\"logo\":{\"@type\":\"ImageObject\",\"@id\":\"https:\/\/www.siciliacolorata.it\/#logo\",\"inLanguage\":\"en-US\",\"url\":\"https:\/\/www.siciliacolorata.it\/wp-content\/uploads\/2021\/02\/slide.png\",\"contentUrl\":\"https:\/\/www.siciliacolorata.it\/wp-content\/uploads\/2021\/02\/slide.png\",\"width\":1384,\"height\":638,\"caption\":\"Antonello Blandi - Sicilia Colorata\"},\"image\":{\"@id\":\"https:\/\/www.siciliacolorata.it\/#logo\"}},{\"@type\":\"WebSite\",\"@id\":\"https:\/\/www.siciliacolorata.it\/#website\",\"url\":\"https:\/\/www.siciliacolorata.it\/\",\"name\":\"Antonello Blandi\",\"description\":\"Sicilia Colorata\",\"publisher\":{\"@id\":\"https:\/\/www.siciliacolorata.it\/#organization\"},\"potentialAction\":[{\"@type\":\"SearchAction\",\"target\":\"https:\/\/www.siciliacolorata.it\/?s={search_term_string}\",\"query-input\":\"required name=search_term_string\"}],\"inLanguage\":\"en-US\"},{\"@type\":\"WebPage\",\"@id\":\"https:\/\/www.siciliacolorata.it\/en\/general-conditions\/#webpage\",\"url\":\"https:\/\/www.siciliacolorata.it\/en\/general-conditions\/\",\"name\":\"General conditions | Antonello Blandi\",\"isPartOf\":{\"@id\":\"https:\/\/www.siciliacolorata.it\/#website\"},\"datePublished\":\"2020-12-22T10:22:12+00:00\",\"dateModified\":\"2022-01-17T13:27:37+00:00\",\"breadcrumb\":{\"@id\":\"https:\/\/www.siciliacolorata.it\/en\/general-conditions\/#breadcrumb\"},\"inLanguage\":\"en-US\",\"potentialAction\":[{\"@type\":\"ReadAction\",\"target\":[\"https:\/\/www.siciliacolorata.it\/en\/general-conditions\/\"]}]},{\"@type\":\"BreadcrumbList\",\"@id\":\"https:\/\/www.siciliacolorata.it\/en\/general-conditions\/#breadcrumb\",\"itemListElement\":[{\"@type\":\"ListItem\",\"position\":1,\"item\":{\"@type\":\"WebPage\",\"@id\":\"https:\/\/www.siciliacolorata.it\/en\/\",\"url\":\"https:\/\/www.siciliacolorata.it\/en\/\",\"name\":\"Home\"}},{\"@type\":\"ListItem\",\"position\":2,\"item\":{\"@id\":\"https:\/\/www.siciliacolorata.it\/en\/general-conditions\/#webpage\"}}]}]}<\/script>\n<!-- \/ Yoast SEO plugin. -->","_links":{"self":[{"href":"https:\/\/www.siciliacolorata.it\/en\/wp-json\/wp\/v2\/pages\/3275"}],"collection":[{"href":"https:\/\/www.siciliacolorata.it\/en\/wp-json\/wp\/v2\/pages"}],"about":[{"href":"https:\/\/www.siciliacolorata.it\/en\/wp-json\/wp\/v2\/types\/page"}],"author":[{"embeddable":true,"href":"https:\/\/www.siciliacolorata.it\/en\/wp-json\/wp\/v2\/users\/4"}],"replies":[{"embeddable":true,"href":"https:\/\/www.siciliacolorata.it\/en\/wp-json\/wp\/v2\/comments?post=3275"}],"version-history":[{"count":3,"href":"https:\/\/www.siciliacolorata.it\/en\/wp-json\/wp\/v2\/pages\/3275\/revisions"}],"predecessor-version":[{"id":3279,"href":"https:\/\/www.siciliacolorata.it\/en\/wp-json\/wp\/v2\/pages\/3275\/revisions\/3279"}],"wp:attachment":[{"href":"https:\/\/www.siciliacolorata.it\/en\/wp-json\/wp\/v2\/media?parent=3275"}],"curies":[{"name":"wp","href":"https:\/\/api.w.org\/{rel}","templated":true}]}}